{"id":24462,"date":"2023-10-31T08:16:12","date_gmt":"2023-10-31T05:16:12","guid":{"rendered":"https:\/\/paaomasijoittajat.fi\/?page_id=24462"},"modified":"2026-04-01T13:43:14","modified_gmt":"2026-04-01T10:43:14","slug":"committees","status":"publish","type":"page","link":"https:\/\/paaomasijoittajat.fi\/en\/fvca\/committees\/","title":{"rendered":"Committees"},"content":{"rendered":"<section class=\"acf-block align wp-block-two-columns theme-lightblue  \">\n  <div class=\"wrap\">\n    <div class=\"flex\">\n      <div class=\"flex-item six\">\n        <h2>Buyout Committee<\/h2>\n<p>The Buyout Committee addresses current topics within its own sector and supports the planning of industry advocacy work.<\/p>\n<p><strong>Chair<br \/>\n<\/strong>Mia Sirki\u00e4, Saari Partners<\/p>\n<p><strong>Secretary<br \/>\n<\/strong>Jonne Kuittinen, Finnish Venture Capital Association<\/p>\n<p><strong>Members<br \/>\n<\/strong>Antti Karppinen, CapMan Buyout<br \/>\nJuho Frilander, EQT Partners<br \/>\nKia Aejmelaeus, Evli Private Capital<br \/>\nSampo Ahonen, Helmet Capital<br \/>\nJuhana Kallio, Intera Partners<br \/>\nHanna Viinikainen, Juuri Partners<br \/>\nNiklas Wickstr\u00f6m, Korona Invest<br \/>\nAnne Riekki, MB Rahastot<br \/>\nMarika af Enehjelm, Norvestor<br \/>\nJuha Peltola, Vaaka Partners<\/p>\n<p><strong>Deputy Members<\/strong><br \/>\nElina Lae, Pontos<\/p>\n\n      <\/div>\n      <div class=\"flex-item six\">\n        <h2>ESG Committee<\/h2>\n<p>The ESG Committee focuses on the themes of corporate social responsibility, impact, and diversity in the VC&amp;PE industry. In addition, the ESG Committee, which established the principles of responsible investment in the Finnish VC &amp; PE industry, monitors the implementation of those principles and the need to update them.<\/p>\n<p><strong>Chair<br \/>\n<\/strong>Sanna Pietil\u00e4inen, eQ<\/p>\n<p><strong>Secretary<br \/>\n<\/strong>Mari Marsio, Finnish Venture Capital Association<\/p>\n<p><strong>Members<br \/>\n<\/strong>Petra Hakamo, Evli \u2013 Deputy Chair<br \/>\nHeli Kerminen, Tesi<br \/>\nTaija Heittola, Greenstep Oy<br \/>\nMinna Heimonen, MB Rahastot Oy<br \/>\nKatariina Helaniemi, Illusian<br \/>\nSari Rajakangas, Mandatum Asset Management<br \/>\nElina Lae, Pontos Group<br \/>\nHenri Lyyski, Sponsor Capital Oy<br \/>\nJaakko Isotalo, Korona Invest<br \/>\nNiko Elers, Voima Ventures<br \/>\nEliisa Armila, L\u00e4hiTapiola<br \/>\nMaiju Saarela, Juuri Partners<br \/>\nLiina Lehtonen, Butterfly Ventures<br \/>\nMira Mielonen, Ilmarinen<\/p>\n<p><strong>Deputy Members<br \/>\n<\/strong>Tuukka Yrttimaa, Upright Oy<br \/>\nEssi Orenius, CapMan<br \/>\nKia Aejmaleus, Evli Private Capital<br \/>\nAnniina J\u00e4rvinen, Hannes Snellman<br \/>\nKiira Tuohimaa-Leisio, Roschier Attorneys<br \/>\nRiikka Weber, KPMG<br \/>\nJenni Suhonen, Kvanted<br \/>\nSonja Nyholm, Hartwall Capital<br \/>\nAnne Riekki, MB Rahastot<br \/>\nRilla Saukkonen, Lifeline Ventures<br \/>\nEva Toppari, EY<br \/>\nLinda Tierala, Taaleri Oyj<br \/>\nTiina-Marjo Nousiainen, Bravura<\/p>\n\n      <\/div>\n    <\/div>\n  <\/div>\n<\/section>\n\n\n<section class=\"acf-block align wp-block-two-columns theme-white  \">\n  <div class=\"wrap\">\n    <div class=\"flex\">\n      <div class=\"flex-item six\">\n        <h2>Legal Committee<\/h2>\n<p>The Legal Committee supports the association and the VC &amp; PE industry in developing a legislatively favorable and competitive operating environment, as well as in establishing the position of private equity as an ethically high-standard and professional investment asset class. The Legal working group monitors and promotes nationally and internationally significant legislative initiatives, regulatory requirements, and self-regulation guidelines relevant to the industry.<\/p>\n<p><strong>Chair<br \/>\n<\/strong>Juha Surve, eQ<\/p>\n<p><strong>Secretary<br \/>\n<\/strong>Mari Marsio, Finnish Venture Capital Association<\/p>\n<p><strong>Members<br \/>\n<\/strong>Paulus Hid\u00e9n, Borenius \u2013 Deputy Chair<br \/>\nMaarit Hannula, Taaleri<br \/>\nEeva Rakkolainen, KPMG<br \/>\nHanne Stenman, Tesi<br \/>\nJarno Tanhuanp\u00e4\u00e4, Castr\u00e9n &amp; Snellman<br \/>\nPyry Somervuori, Krogerus<br \/>\nJaakko Lindgren, Dottir<br \/>\nNina Rosenlew, United Bankers<br \/>\nJessica Lind, OP Varainhoito<br \/>\nKiira Tuohimaa-Leisio, Roschier Attorneys<br \/>\nEssi Orenius, CapMan<br \/>\nHenri Ruotsalainen, Hannes Snellman<br \/>\nJutta Niemel\u00e4, L\u00e4hiTapiola Vahinkovakuutus<br \/>\nSuvi M\u00e4kinen, PwC<br \/>\nIda Viitam\u00e4ki, Mandatum Oyj<\/p>\n<p><strong>Deputy Members<\/strong><\/p>\n<p><span data-contrast=\"none\">Vilma Nuutinen,<\/span>\u00a0<span data-contrast=\"none\">Evli-Rahastoyhti\u00f6<\/span><br \/>\n<span data-contrast=\"none\">Kirsi Karvonen,<\/span>\u00a0<span data-contrast=\"none\">Eversheds Asianajotoimisto\u00a0\u00a0\u00a0<\/span><br \/>\n<span data-contrast=\"none\">Tobias Bj\u00f6rkstr\u00f6m,\u00a0<\/span>\u00a0<span data-contrast=\"none\">EY<\/span><br \/>\n<span data-contrast=\"none\">Jussi Ekonen,<\/span>\u00a0<span data-contrast=\"none\">Lieke Asianajotoimisto Oy<\/span><span data-ccp-props=\"{&quot;201341983&quot;:0,&quot;335559685&quot;:357,&quot;335559738&quot;:0,&quot;335559739&quot;:0,&quot;335559740&quot;:240,&quot;469777462&quot;:[3828],&quot;469777927&quot;:[0],&quot;469777928&quot;:[1]}\"><br \/>\n<\/span><span data-contrast=\"none\">Tommy Holmstr\u00f6m,<\/span>\u00a0<span data-contrast=\"none\">EY<\/span><span data-ccp-props=\"{&quot;201341983&quot;:0,&quot;335559685&quot;:357,&quot;335559738&quot;:0,&quot;335559739&quot;:0,&quot;335559740&quot;:240,&quot;469777462&quot;:[3828],&quot;469777927&quot;:[0],&quot;469777928&quot;:[1]}\"><br \/>\n<\/span><span data-contrast=\"none\">Katariina Pesonen,<\/span> Vestra<span data-contrast=\"none\">\u00a0<\/span><span data-ccp-props=\"{&quot;201341983&quot;:0,&quot;335559685&quot;:360,&quot;335559738&quot;:0,&quot;335559739&quot;:0,&quot;335559740&quot;:240,&quot;469777462&quot;:[3828],&quot;469777927&quot;:[0],&quot;469777928&quot;:[1]}\"><br \/>\n<\/span><span data-contrast=\"none\">Julius Matilainen,<\/span>\u00a0<span data-contrast=\"none\">Byro Legal<\/span><br \/>\n<span data-contrast=\"none\">Tiia Ryh\u00e4nen,<\/span>\u00a0<span data-contrast=\"none\">Korkia Oy<\/span><span data-ccp-props=\"{&quot;201341983&quot;:0,&quot;335559685&quot;:357,&quot;335559738&quot;:0,&quot;335559739&quot;:0,&quot;335559740&quot;:240,&quot;469777462&quot;:[3828],&quot;469777927&quot;:[0],&quot;469777928&quot;:[1]}\"><br \/>\n<\/span><span data-contrast=\"none\">Olli Oksman,<\/span>\u00a0<span data-contrast=\"none\">Kalliolaw Asianajotoimisto Oy<\/span><span data-ccp-props=\"{&quot;201341983&quot;:0,&quot;335559685&quot;:357,&quot;335559738&quot;:0,&quot;335559739&quot;:0,&quot;335559740&quot;:240,&quot;469777462&quot;:[3828],&quot;469777927&quot;:[0],&quot;469777928&quot;:[1]}\"><br \/>\n<\/span><span data-contrast=\"none\">Laura Pehkonen,<\/span>\u00a0<span data-contrast=\"none\">LLV Fund Management Oy<\/span><span data-ccp-props=\"{&quot;201341983&quot;:0,&quot;335559685&quot;:357,&quot;335559738&quot;:0,&quot;335559739&quot;:0,&quot;335559740&quot;:240,&quot;469777462&quot;:[3828],&quot;469777927&quot;:[0],&quot;469777928&quot;:[1]}\"><br \/>\n<\/span><span data-contrast=\"none\">Raoul Lehtonen,<\/span>\u00a0<span data-contrast=\"none\">OpenOcean<\/span><span data-ccp-props=\"{&quot;201341983&quot;:0,&quot;335559685&quot;:357,&quot;335559738&quot;:0,&quot;335559739&quot;:0,&quot;335559740&quot;:240,&quot;469777462&quot;:[3828],&quot;469777927&quot;:[0],&quot;469777928&quot;:[1]}\">\u00a0<\/span><\/p>\n\n      <\/div>\n      <div class=\"flex-item six\">\n        <h2>Sustainable Finance Committee<\/h2>\n<p>The Sustainable Finance Committee monitors the development of the EU&#8217;s sustainable finance regulatory framework and prepares summaries of the regulatory impacts on the VC&amp;PE industry for the association&#8217;s members. The committee also prepares the association&#8217;s training offerings on the regulatory framework. The working group operates on an ad hoc basis.<\/p>\n<p><strong>Chair<\/strong><br \/>\nSanna Pietil\u00e4inen, eQ<\/p>\n<p><strong>Secretary<\/strong><br \/>\nMari Marsio, Finnish Venture Capital Association<\/p>\n<p><strong>Members<\/strong><br \/>\nEssi Orenius, CapMan<br \/>\nTommy Holmstr\u00f6m, EY<br \/>\nRiikka Weber, KPMG<br \/>\nTaija Heittola, Greenstep Oy<br \/>\nTuukka Yrttimaa, Upright Oy<br \/>\nKia Aejmelaeus, Evli Private Capital<br \/>\nHenna Homan, Mandatum Asset Management Oy<br \/>\nLaura Pehkonen, LLV Fund Management Oy<br \/>\nEeva Terho, Tesi<br \/>\nEva Toppari, EY<br \/>\nMinna Heimonen, MB Rahastot<br \/>\nMaiju Saarela, Juuri Partners<\/p>\n<p><strong>Deputy Members<\/strong><br \/>\nNoora Nieminen, Mandatum Asset Management<br \/>\nLinda Tierala, Taaleri Oyj<br \/>\nRaoul Lehtonen, OpenOcean<br \/>\nKatariina Pesonen, Vestra<br \/>\nAnne Riekki, MB Rahastot<\/p>\n\n      <\/div>\n    <\/div>\n  <\/div>\n<\/section>\n\n\n<section class=\"acf-block align wp-block-two-columns theme-lightblue  \">\n  <div class=\"wrap\">\n    <div class=\"flex\">\n      <div class=\"flex-item six\">\n        <h2>Research Committee<\/h2>\n<p>The association conducts long-term research activities that produce high-quality and comprehensive research on the VC&amp;PE industry. The Research Committee guides and coordinates the association&#8217;s research efforts.<\/p>\n<p><strong>Chair<\/strong><br \/>\nKimmo Vanne, MB Rahastot<\/p>\n<p><strong>Secretary<\/strong><br \/>\nJonne Kuittinen, Finnish Venture Capital Association<\/p>\n<p><strong>Members<\/strong><br \/>\nMaiju Aspegren, Evli Growth Partners<br \/>\nJuho Frilander, EQT Partners<br \/>\nJaakko Isotalo, Korona Invest<br \/>\nPetri Laine, Innovestor<br \/>\nErkka Niemi, Voland Partners<br \/>\nJuho Risku, Butterfly Ventures<br \/>\nPontus Str\u00e5hlman, Voima Ventures<br \/>\nRilla Saukkonen, Lifeline Ventures<br \/>\nRaoul Lehtonen, OpenOcean<br \/>\nJakob Sandell, Tesi<\/p>\n<p><strong>Deputy Members<\/strong><br \/>\nEljas Repo, Ajanta Innovations<br \/>\nSarah Sipil\u00e4, KPMG<br \/>\nJussi Lehtinen, PwC<br \/>\nVictor Malmstr\u00f6m, Simon-Kucher<br \/>\nEmilia Gr\u00f6nqvist, Prudentus Capital<\/p>\n\n      <\/div>\n      <div class=\"flex-item six\">\n        <h2>Venture Capital Committee<\/h2>\n<p>The Venture Capital Committee addresses current topics within its own sector and supports the planning of industry advocacy work.<\/p>\n<p><strong>Chair<\/strong><br \/>\nJussi Sainiemi, Voima Ventures<\/p>\n<p><strong>Secretary<\/strong><br \/>\nJonne Kuittinen, Finnish Venture Capital Association<\/p>\n<p><strong>Members<br \/>\n<\/strong>Janiina Lammi, BSV Ventures<br \/>\nRiku Asikainen, Evli Growth Partners<br \/>\nTerhi Vapola, Greencode Ventures<br \/>\nElina Holkko, Lifeline Ventures<br \/>\nPauliina Martikainen, Maki.vc<br \/>\nArtturi Tarjanne, Nexit Ventures<br \/>\nMatti V\u00e4nsk\u00e4, NGP Capital<br \/>\nTom Henriksson, OpenOcean<br \/>\nJuha Lehtola, Tesi<br \/>\nReima Linnanvirta, Trind.vc<br \/>\nSami Ahvenniemi, Vendep Capital<\/p>\n<p><strong>Deputy Members<\/strong><br \/>\nElina Lae, Pontos<br \/>\nRami Salonen, Mandatum Asset Management<br \/>\nTanu-Matti Tuominen, IPR.VC<br \/>\nMaria Wasastjerna, Kvanted Ventures<\/p>\n\n      <\/div>\n    <\/div>\n  <\/div>\n<\/section>\n\n\n<section class=\"acf-block align wp-block-two-columns theme-white  \">\n  <div class=\"wrap\">\n    <div class=\"flex\">\n      <div class=\"flex-item six\">\n        <h2>Tax Committee<\/h2>\n<p>The Tax Committee prepares industry statements related to tax regulations and regulatory guidelines. From the industry&#8217;s perspective, the fundamental characteristics of the tax system should include legal certainty and predictability in taxation.<\/p>\n<p><strong>Chair<\/strong><br \/>\nVilho Lammi, CapMan Oyj<\/p>\n<p><strong>Secretary<\/strong><br \/>\nMari Marsio, Finnish Venture Capital Association<\/p>\n<p><strong>Members<\/strong><br \/>\nHeikki Wahlroos, Borenius Asianajotoimisto \u2013 varapuheenjohtaja<br \/>\nMikko Alakare, Castr\u00e9n &amp; Snellman<br \/>\nPasi Erlin, Taaleri<br \/>\nAnne Riekki, MB Rahastot<br \/>\nReima Linnanvirta, Trind Ventures<br \/>\nAndreas Bussman, Roschier Asianajotoimisto<br \/>\nAntti Lehtimaja, Svalner Atlas<br \/>\nMarkku Hakkarainen, PwC<br \/>\nVille Alahuhta, Bird &amp; Bird Asianajotoimisto Oy<br \/>\nHarri Vehvil\u00e4inen, Hannes Snellman<br \/>\nKalle Koskinen, Ernst &amp; Young<br \/>\nJani Karjalainen, KPMG<br \/>\nNina Jalo, eQ Varainhoito<br \/>\nElina Holkko, Lifeline Ventures<br \/>\nJuho M\u00e4kiaho, Korona Invest Oy<br \/>\nVirpi Pasanen, Deloitte Oy<br \/>\nJanina Helekorpi, Mandatum<\/p>\n<p><strong>Deputy Members<\/strong><br \/>\nNina Rosenlew, United Bankers<br \/>\nJaakko Klemettil\u00e4, HPP Asianajotoimisto<br \/>\nOscar Wik, Dittmar Asianajotoimisto<br \/>\nStefan Stellato, Hannes Snellman<br \/>\nRaoul Lehtonen, OpenOcean<br \/>\nSuvi V\u00e4nsk\u00e4, Svalner Atlas<\/p>\n\n      <\/div>\n      <div class=\"flex-item six\">\n        <h2>Communications Committee<\/h2>\n<p>The Communications Committee supports the development of communication within the VC&amp;PE industry and monitors the evolution of the industry&#8217;s public image. The Communications Committee prepares, for example, communications training and guides for the association&#8217;s members.<\/p>\n<p><strong>Chair<\/strong><br \/>\nHeli Meht\u00e4talo-Takala, Innovestor Group<\/p>\n<p><strong>Secretary<\/strong><br \/>\nEmilia N\u00e4rhi, Finnish Venture Capital Association<\/p>\n<p><strong>Members<\/strong><br \/>\nAnna Brchisky, Bamla Agency Oy<br \/>\nSaara Vettenranta, Tesi<br \/>\nVerna Vuoripuro, Illusian Founder Office<br \/>\nVisa Manninen, Miltton Oy<br \/>\nSami Miettinen, Translink Corporate Finance Oy<br \/>\nMinna Heimonen, MB Rahastot<br \/>\nUnna Lehtipuu, Finnfund<br \/>\nLinda Tierala, Taaleri Oyj<br \/>\nHanne Haapakoski, Springvest Oyj<br \/>\nTaru Wahlroos, Vendep Capital<\/p>\n\n      <\/div>\n    <\/div>\n  <\/div>\n<\/section>\n","protected":false},"excerpt":{"rendered":"","protected":false},"author":8,"featured_media":0,"parent":602,"menu_order":0,"comment_status":"closed","ping_status":"closed","template":"template-subpage.blade.php","meta":{"_acf_changed":false,"footnotes":""},"class_list":["post-24462","page","type-page","status-publish","hentry"],"acf":[],"yoast_head":"<!-- This site is optimized with the Yoast SEO plugin v27.4 - https:\/\/yoast.com\/product\/yoast-seo-wordpress\/ -->\n<title>Committees - P\u00e4\u00e4omasijoittajat<\/title>\n<meta name=\"robots\" content=\"index, follow, max-snippet:-1, max-image-preview:large, max-video-preview:-1\" \/>\n<link rel=\"canonical\" href=\"https:\/\/paaomasijoittajat.fi\/en\/fvca\/committees\/\" \/>\n<meta property=\"og:locale\" content=\"en_US\" \/>\n<meta property=\"og:type\" content=\"article\" \/>\n<meta property=\"og:title\" content=\"Committees - P\u00e4\u00e4omasijoittajat\" \/>\n<meta property=\"og:url\" content=\"https:\/\/paaomasijoittajat.fi\/en\/fvca\/committees\/\" \/>\n<meta property=\"og:site_name\" content=\"P\u00e4\u00e4omasijoittajat\" \/>\n<meta property=\"article:modified_time\" content=\"2026-04-01T10:43:14+00:00\" \/>\n<meta name=\"twitter:card\" content=\"summary_large_image\" \/>\n<script type=\"application\/ld+json\" class=\"yoast-schema-graph\">{\"@context\":\"https:\\\/\\\/schema.org\",\"@graph\":[{\"@type\":\"WebPage\",\"@id\":\"https:\\\/\\\/paaomasijoittajat.fi\\\/en\\\/fvca\\\/committees\\\/\",\"url\":\"https:\\\/\\\/paaomasijoittajat.fi\\\/en\\\/fvca\\\/committees\\\/\",\"name\":\"Committees - P\u00e4\u00e4omasijoittajat\",\"isPartOf\":{\"@id\":\"https:\\\/\\\/paaomasijoittajat.fi\\\/en\\\/#website\"},\"datePublished\":\"2023-10-31T05:16:12+00:00\",\"dateModified\":\"2026-04-01T10:43:14+00:00\",\"breadcrumb\":{\"@id\":\"https:\\\/\\\/paaomasijoittajat.fi\\\/en\\\/fvca\\\/committees\\\/#breadcrumb\"},\"inLanguage\":\"en-US\",\"potentialAction\":[{\"@type\":\"ReadAction\",\"target\":[\"https:\\\/\\\/paaomasijoittajat.fi\\\/en\\\/fvca\\\/committees\\\/\"]}]},{\"@type\":\"BreadcrumbList\",\"@id\":\"https:\\\/\\\/paaomasijoittajat.fi\\\/en\\\/fvca\\\/committees\\\/#breadcrumb\",\"itemListElement\":[{\"@type\":\"ListItem\",\"position\":1,\"name\":\"Etusivu\",\"item\":\"https:\\\/\\\/paaomasijoittajat.fi\\\/en\\\/\"},{\"@type\":\"ListItem\",\"position\":2,\"name\":\"FVCA\",\"item\":\"https:\\\/\\\/paaomasijoittajat.fi\\\/en\\\/fvca\\\/\"},{\"@type\":\"ListItem\",\"position\":3,\"name\":\"Committees\"}]},{\"@type\":\"WebSite\",\"@id\":\"https:\\\/\\\/paaomasijoittajat.fi\\\/en\\\/#website\",\"url\":\"https:\\\/\\\/paaomasijoittajat.fi\\\/en\\\/\",\"name\":\"P\u00e4\u00e4omasijoittajat\",\"description\":\"Finnish Venture Capital Association\",\"potentialAction\":[{\"@type\":\"SearchAction\",\"target\":{\"@type\":\"EntryPoint\",\"urlTemplate\":\"https:\\\/\\\/paaomasijoittajat.fi\\\/en\\\/?s={search_term_string}\"},\"query-input\":{\"@type\":\"PropertyValueSpecification\",\"valueRequired\":true,\"valueName\":\"search_term_string\"}}],\"inLanguage\":\"en-US\"}]}<\/script>\n<!-- \/ Yoast SEO plugin. -->","yoast_head_json":{"title":"Committees - P\u00e4\u00e4omasijoittajat","robots":{"index":"index","follow":"follow","max-snippet":"max-snippet:-1","max-image-preview":"max-image-preview:large","max-video-preview":"max-video-preview:-1"},"canonical":"https:\/\/paaomasijoittajat.fi\/en\/fvca\/committees\/","og_locale":"en_US","og_type":"article","og_title":"Committees - P\u00e4\u00e4omasijoittajat","og_url":"https:\/\/paaomasijoittajat.fi\/en\/fvca\/committees\/","og_site_name":"P\u00e4\u00e4omasijoittajat","article_modified_time":"2026-04-01T10:43:14+00:00","twitter_card":"summary_large_image","schema":{"@context":"https:\/\/schema.org","@graph":[{"@type":"WebPage","@id":"https:\/\/paaomasijoittajat.fi\/en\/fvca\/committees\/","url":"https:\/\/paaomasijoittajat.fi\/en\/fvca\/committees\/","name":"Committees - P\u00e4\u00e4omasijoittajat","isPartOf":{"@id":"https:\/\/paaomasijoittajat.fi\/en\/#website"},"datePublished":"2023-10-31T05:16:12+00:00","dateModified":"2026-04-01T10:43:14+00:00","breadcrumb":{"@id":"https:\/\/paaomasijoittajat.fi\/en\/fvca\/committees\/#breadcrumb"},"inLanguage":"en-US","potentialAction":[{"@type":"ReadAction","target":["https:\/\/paaomasijoittajat.fi\/en\/fvca\/committees\/"]}]},{"@type":"BreadcrumbList","@id":"https:\/\/paaomasijoittajat.fi\/en\/fvca\/committees\/#breadcrumb","itemListElement":[{"@type":"ListItem","position":1,"name":"Etusivu","item":"https:\/\/paaomasijoittajat.fi\/en\/"},{"@type":"ListItem","position":2,"name":"FVCA","item":"https:\/\/paaomasijoittajat.fi\/en\/fvca\/"},{"@type":"ListItem","position":3,"name":"Committees"}]},{"@type":"WebSite","@id":"https:\/\/paaomasijoittajat.fi\/en\/#website","url":"https:\/\/paaomasijoittajat.fi\/en\/","name":"P\u00e4\u00e4omasijoittajat","description":"Finnish Venture Capital Association","potentialAction":[{"@type":"SearchAction","target":{"@type":"EntryPoint","urlTemplate":"https:\/\/paaomasijoittajat.fi\/en\/?s={search_term_string}"},"query-input":{"@type":"PropertyValueSpecification","valueRequired":true,"valueName":"search_term_string"}}],"inLanguage":"en-US"}]}},"_links":{"self":[{"href":"https:\/\/paaomasijoittajat.fi\/en\/wp-json\/wp\/v2\/pages\/24462","targetHints":{"allow":["GET"]}}],"collection":[{"href":"https:\/\/paaomasijoittajat.fi\/en\/wp-json\/wp\/v2\/pages"}],"about":[{"href":"https:\/\/paaomasijoittajat.fi\/en\/wp-json\/wp\/v2\/types\/page"}],"author":[{"embeddable":true,"href":"https:\/\/paaomasijoittajat.fi\/en\/wp-json\/wp\/v2\/users\/8"}],"replies":[{"embeddable":true,"href":"https:\/\/paaomasijoittajat.fi\/en\/wp-json\/wp\/v2\/comments?post=24462"}],"version-history":[{"count":39,"href":"https:\/\/paaomasijoittajat.fi\/en\/wp-json\/wp\/v2\/pages\/24462\/revisions"}],"predecessor-version":[{"id":31623,"href":"https:\/\/paaomasijoittajat.fi\/en\/wp-json\/wp\/v2\/pages\/24462\/revisions\/31623"}],"up":[{"embeddable":true,"href":"https:\/\/paaomasijoittajat.fi\/en\/wp-json\/wp\/v2\/pages\/602"}],"wp:attachment":[{"href":"https:\/\/paaomasijoittajat.fi\/en\/wp-json\/wp\/v2\/media?parent=24462"}],"curies":[{"name":"wp","href":"https:\/\/api.w.org\/{rel}","templated":true}]}}