{"id":505,"date":"2023-06-26T05:51:17","date_gmt":"2023-06-26T02:51:17","guid":{"rendered":"https:\/\/paaomasijoittajat.fi\/etusivu\/"},"modified":"2026-04-09T16:04:38","modified_gmt":"2026-04-09T13:04:38","slug":"etusivu","status":"publish","type":"page","link":"https:\/\/paaomasijoittajat.fi\/en\/","title":{"rendered":"Front page"},"content":{"rendered":"<section class=\"acf-block align wp-block-image-and-text  \">\n    <div class=\"  flex\">\n        <div class=\"\n            theme-darkblue\n            flex\n            \n             \"\n            >\n            <div class=\"flex-item six has-image style2\">\n                                                                    <div class=\"image  \">\n                        <div class=\"image \">\n        <img decoding=\"async\"\n            src=\"https:\/\/paaomasijoittajat.fi\/app\/uploads\/tiimikuva-3-scaled.jpg\"\n            alt=\"\"\n            class=\"aspect-ratio-1\"\n        \/>\n    <\/div>\n                    <\/div>\n                                            <\/div>\n                <div class=\"flex-item six text wrap small style2 image-left\">\n                                        <h2> The Finnish Venture Capital Association <\/h2>\n                                        <p> <p>The Finnish Venture Capital Association, FVCA, is the industry body and public policy advocate for the venture capital and private equity industry in Finland. As the voice of the Finnish VC and PE community and the entrepreneurs they fund, it is our role to demonstrate the positive impact of the industry on the Finnish economy.<\/p>\n <\/p>\n                                        <a\r\n        href=\"https:\/\/paaomasijoittajat.fi\/en\/fvca\/\"\r\n        target=\"\"\r\n        class=\"btn \">\r\n        Learn more\r\n    <\/a>\r\n                    <\/div>\n                <\/div>\n    <\/div>\n<\/section>\n\n\n<section class=\"acf-block align wp-block-text-boxes\">\n            <div class=\"wrap small\">\n                            <h2>The role of the private equity and venture capital industry in Finland\u2019s economic growth<\/h2>\n                                <\/div>\n        <div class=\"wrap\">\n                    <div class=\"flex\">\n                                    <div class=\"flex-item four\">\n                        <div class=\"has-background\">\n                            <div class=\"image \">\n        <img decoding=\"async\"\n            src=\"https:\/\/paaomasijoittajat.fi\/app\/uploads\/Nettisivuille-sopiva-koko-2026-04-08T153625.993.png\"\n            alt=\"\"\n            class=\"aspect-ratio-1\"\n        \/>\n    <\/div>\n                                                            <h3>8 x increase in employees<\/h3>\n                                                                                        <p>In terms of headcount, the growth rate of PE and VC backed companies has been 8 times faster than that of their peers.<\/p>\n                                                        <div>\n                                                                    <a\n                                        href=\"https:\/\/paaomasijoittajat.fi\/en\/advocacy\/\"\n                                        target=\"\"\n                                        class=\"\"\n                                    >\n                                        Read more here\n                                    <\/a>\n                                                            <\/div>\n                        <\/div>\n                    <\/div>\n                                    <div class=\"flex-item four\">\n                        <div class=\"has-background\">\n                            <div class=\"image \">\n        <img decoding=\"async\"\n            src=\"https:\/\/paaomasijoittajat.fi\/app\/uploads\/Nettisivuille-sopiva-koko-2026-04-08T153625.993.png\"\n            alt=\"\"\n            class=\"aspect-ratio-1\"\n        \/>\n    <\/div>\n                                                            <h3>13 x increase in turnover<\/h3>\n                                                                                        <p>PE and VC backed companies have grown 13 times faster in terms of turnover than their peers.<\/p>\n                                                        <div>\n                                                                    <a\n                                        href=\"https:\/\/paaomasijoittajat.fi\/en\/advocacy\/\"\n                                        target=\"\"\n                                        class=\"\"\n                                    >\n                                        Read more here\n                                    <\/a>\n                                                            <\/div>\n                        <\/div>\n                    <\/div>\n                                    <div class=\"flex-item four\">\n                        <div class=\"has-background\">\n                            <div class=\"image \">\n        <img decoding=\"async\"\n            src=\"https:\/\/paaomasijoittajat.fi\/app\/uploads\/Nettisivuille-sopiva-koko-2026-04-08T153625.993.png\"\n            alt=\"\"\n            class=\"aspect-ratio-1\"\n        \/>\n    <\/div>\n                                                            <h3>7 x productivity growth<\/h3>\n                                                                                        <p>Target companies\u2019 productivity (turnover per employee) has grown 7 times faster than that of their peers.<\/p>\n                                                        <div>\n                                                                    <a\n                                        href=\"https:\/\/paaomasijoittajat.fi\/en\/advocacy\/\"\n                                        target=\"\"\n                                        class=\"\"\n                                    >\n                                        Read more here\n                                    <\/a>\n                                                            <\/div>\n                        <\/div>\n                    <\/div>\n                            <\/div>\n            <\/div>\n    <\/section>\n\n\n<section class=\"acf-block align wp-block-news articles styled\">\n    <div class=\"wrap\">\n                    <h2>Latest news<\/h2>\n                                    <a\n                href=\"https:\/\/paaomasijoittajat.fi\/en\/ajankohtaista\/\"\n                class=\"arrow-link\"\n            >\n                                    See all articles\n                            <\/a>\n            <\/div>\n            <div class=\"background\"><\/div>\n    <\/section>\n\n\n<div class=\"acf-block align wp-block-meltwater\">\n    <div class=\"wrap\">\n      <h2>Venture capital &amp; private equity in media<\/h2>\n      <ul class=\"flex\">\n                  <div class=\"flex-item six first\">\n            <li>\n              <a href=\"https:\/\/www.kauppalehti.fi\/uutiset\/a\/778fe681-85c3-4809-9448-17f7522ea993\" target=\"_blank\">\n                                  <div class=\"image\">\n                    <img decoding=\"async\" src=\"https:\/\/images.almatalent.fi\/cx0,cy158,cw3000,ch1689,1200x\/https:\/\/assets.almatalent.fi\/image\/dd2fc081-7541-5081-81fe-f65627deb0d5\" \/>\n                  <\/div>\n                                <div class=\"has-text\">\n                  <h3>Kotimaisille startupeille hurja rahoituspotti ulkomailta \u2013 n\u00e4m\u00e4 olivat kuumimmat yhti\u00f6t<\/h3>\n                  <span><time>08.04.2026<\/time> | Kauppalehti<\/span>\n                <\/div>\n              <\/a>\n            <\/li>\n          <\/div>\n                <div class=\"flex-item six\">\n                                                            <li>\n              <a href=\"https:\/\/www.hs.fi\/visio\/art-2000011923012.html\" target=\"_blank\">\n                                  <div class=\"image\">\n                    <img decoding=\"async\" src=\"https:\/\/images.sanoma-sndp.fi\/44e986d24f4b18d8472633027d00e759\/some\/hs-visio.jpg\" \/>\n                  <\/div>\n                                <div class=\"has-text\">\n                  <h3>Oura, Iceye ja IQM imiv\u00e4t Suomeen enn\u00e4tysm\u00e4\u00e4r\u00e4n ulkomaista rahaa<\/h3>\n                  <span><time>07.04.2026<\/time> | Helsingin Sanomat<\/span>\n                <\/div>\n              <\/a>\n            <\/li>\n                                  <li>\n              <a href=\"https:\/\/yle.fi\/a\/74-20214784\" target=\"_blank\">\n                                  <div class=\"image\">\n                    <img decoding=\"async\" src=\"https:\/\/images.cdn.yle.fi\/image\/upload\/c_crop,x_0,y_0,w_5823,h_3275\/w_1200,ar_1.91,c_fill\/q_auto:eco,f_auto,fl_lossy\/v1773158319\/39-160974569b03efb7af23\" \/>\n                  <\/div>\n                                <div class=\"has-text\">\n                  <h3>Suomalaiset startupit ker\u00e4\u00e4v\u00e4t nyt eniten rahaa Euroopassa v\u00e4kilukuun suhteutettuna<\/h3>\n                  <span><time>12.03.2026<\/time> | YLE<\/span>\n                <\/div>\n              <\/a>\n            <\/li>\n                                  <li>\n              <a href=\"https:\/\/www.kauppalehti.fi\/uutiset\/a\/485810a1-6151-4b74-b87a-29e5bbe02361\" target=\"_blank\">\n                                  <div class=\"image\">\n                    <img decoding=\"async\" src=\"https:\/\/images.almatalent.fi\/cx0,cy157,cw3000,ch1686,1200x\/https:\/\/assets.almatalent.fi\/image\/78dfce75-9689-5994-9bd3-2618c9ea2f47\" \/>\n                  <\/div>\n                                <div class=\"has-text\">\n                  <h3>Ouran j\u00e4ttiliike on \u201dj\u00e4rkev\u00e4 siirto\u201d \u2013 N\u00e4ist\u00e4 syist\u00e4 superyhti\u00f6 hylk\u00e4\u00e4 Suomen<\/h3>\n                  <span><time>18.02.2026<\/time> | Kauppalehti<\/span>\n                <\/div>\n              <\/a>\n            <\/li>\n                                            <\/div>\n      <\/ul>\n    <\/div>\n  <\/div>\n\n\n<section class=\"acf-block align wp-block-image-and-text  \">\n    <div class=\"  flex\">\n        <div class=\"\n            theme-darkblue\n            flex\n            \n             \"\n            >\n            <div class=\"flex-item six has-image style2\">\n                                                                    <div class=\"image  \">\n                        <div class=\"image \">\n        <img decoding=\"async\"\n            src=\"https:\/\/paaomasijoittajat.fi\/app\/uploads\/2023\/10\/029-FVCA-Fall-Seminar-2022-scaled-e1697637356955.jpg\"\n            alt=\"\"\n            class=\"aspect-ratio-1\"\n        \/>\n    <\/div>\n                    <\/div>\n                                            <\/div>\n                <div class=\"flex-item six text wrap small style2 image-left\">\n                                        <h2> Did you know? <\/h2>\n                                        <p> <p>We conduct a wealth of research and statistics on the venture capital and private equity industry. Did you know that venture capital and private equity -backed companies employ more than 100 000 people in Finland? Or that companies owned by venture capital and private equity investors grow significantly faster than their peers?<\/p>\n <\/p>\n                                        <a\r\n        href=\"https:\/\/paaomasijoittajat.fi\/en\/tutkimukset-ja-tilastot\/\"\r\n        target=\"\"\r\n        class=\"btn \">\r\n        Read more about our research\r\n    <\/a>\r\n                    <\/div>\n                <\/div>\n    <\/div>\n<\/section>\n\n\n<section class=\"acf-block align wp-block-image-and-text notopmargin \">\n    <div class=\"  flex\">\n        <div class=\"\n            theme-darkblue\n            flex\n            row-reverse\n             \"\n            >\n            <div class=\"flex-item six has-image style2\">\n                                                                    <div class=\"image  \">\n                        <div class=\"image \">\n        <img decoding=\"async\"\n            src=\"https:\/\/paaomasijoittajat.fi\/app\/uploads\/047-Finnish-PE-VC-Summit-2025-scaled-e1775650417720.jpg\"\n            alt=\"\"\n            class=\"aspect-ratio-1\"\n        \/>\n    <\/div>\n                    <\/div>\n                                            <\/div>\n                <div class=\"flex-item six text wrap small style2 image-right\">\n                                        <h2> Find the right investor <\/h2>\n                                        <p> <p>Thinking about a venture capital or private equity investment for your company? With our investor search, you can find the right investor!<\/p>\n <\/p>\n                                        <a\r\n        href=\"https:\/\/paaomasijoittajat.fi\/en\/our-industry\/for-entrepreneurs\/investor-search\/\"\r\n        target=\"\"\r\n        class=\"btn \">\r\n        Try the investor search\r\n    <\/a>\r\n                    <\/div>\n                <\/div>\n    <\/div>\n<\/section>\n","protected":false},"excerpt":{"rendered":"","protected":false},"author":1,"featured_media":23140,"parent":0,"menu_order":0,"comment_status":"closed","ping_status":"closed","template":"template-front-page.blade.php","meta":{"_acf_changed":false,"footnotes":""},"class_list":["post-505","page","type-page","status-publish","has-post-thumbnail","hentry"],"acf":[],"yoast_head":"<!-- This site is optimized with the Yoast SEO plugin v27.4 - https:\/\/yoast.com\/product\/yoast-seo-wordpress\/ -->\n<title>Front page - P\u00e4\u00e4omasijoittajat<\/title>\n<meta name=\"robots\" content=\"index, follow, max-snippet:-1, max-image-preview:large, max-video-preview:-1\" \/>\n<link rel=\"canonical\" href=\"https:\/\/paaomasijoittajat.fi\/en\/\" \/>\n<meta property=\"og:locale\" content=\"en_US\" \/>\n<meta property=\"og:type\" content=\"article\" \/>\n<meta property=\"og:title\" content=\"Front page - P\u00e4\u00e4omasijoittajat\" \/>\n<meta property=\"og:url\" content=\"https:\/\/paaomasijoittajat.fi\/en\/\" \/>\n<meta property=\"og:site_name\" content=\"P\u00e4\u00e4omasijoittajat\" \/>\n<meta property=\"article:modified_time\" content=\"2026-04-09T13:04:38+00:00\" \/>\n<meta property=\"og:image\" content=\"https:\/\/paaomasijoittajat.fi\/app\/uploads\/2023\/10\/Logo_palkinto-e1697638831669.png\" \/>\n\t<meta property=\"og:image:width\" content=\"1275\" \/>\n\t<meta property=\"og:image:height\" content=\"717\" \/>\n\t<meta property=\"og:image:type\" content=\"image\/png\" \/>\n<meta name=\"twitter:card\" content=\"summary_large_image\" \/>\n<meta name=\"twitter:label1\" content=\"Est. reading time\" \/>\n\t<meta name=\"twitter:data1\" content=\"1 minute\" \/>\n<script type=\"application\/ld+json\" class=\"yoast-schema-graph\">{\"@context\":\"https:\\\/\\\/schema.org\",\"@graph\":[{\"@type\":\"WebPage\",\"@id\":\"https:\\\/\\\/paaomasijoittajat.fi\\\/en\\\/\",\"url\":\"https:\\\/\\\/paaomasijoittajat.fi\\\/en\\\/\",\"name\":\"Front page - P\u00e4\u00e4omasijoittajat\",\"isPartOf\":{\"@id\":\"https:\\\/\\\/paaomasijoittajat.fi\\\/en\\\/#website\"},\"primaryImageOfPage\":{\"@id\":\"https:\\\/\\\/paaomasijoittajat.fi\\\/en\\\/#primaryimage\"},\"image\":{\"@id\":\"https:\\\/\\\/paaomasijoittajat.fi\\\/en\\\/#primaryimage\"},\"thumbnailUrl\":\"https:\\\/\\\/paaomasijoittajat.fi\\\/app\\\/uploads\\\/2023\\\/10\\\/Logo_palkinto-e1697638831669.png\",\"datePublished\":\"2023-06-26T02:51:17+00:00\",\"dateModified\":\"2026-04-09T13:04:38+00:00\",\"breadcrumb\":{\"@id\":\"https:\\\/\\\/paaomasijoittajat.fi\\\/en\\\/#breadcrumb\"},\"inLanguage\":\"en-US\",\"potentialAction\":[{\"@type\":\"ReadAction\",\"target\":[\"https:\\\/\\\/paaomasijoittajat.fi\\\/en\\\/\"]}]},{\"@type\":\"ImageObject\",\"inLanguage\":\"en-US\",\"@id\":\"https:\\\/\\\/paaomasijoittajat.fi\\\/en\\\/#primaryimage\",\"url\":\"https:\\\/\\\/paaomasijoittajat.fi\\\/app\\\/uploads\\\/2023\\\/10\\\/Logo_palkinto-e1697638831669.png\",\"contentUrl\":\"https:\\\/\\\/paaomasijoittajat.fi\\\/app\\\/uploads\\\/2023\\\/10\\\/Logo_palkinto-e1697638831669.png\",\"width\":1275,\"height\":717},{\"@type\":\"BreadcrumbList\",\"@id\":\"https:\\\/\\\/paaomasijoittajat.fi\\\/en\\\/#breadcrumb\",\"itemListElement\":[{\"@type\":\"ListItem\",\"position\":1,\"name\":\"Etusivu\",\"item\":\"https:\\\/\\\/paaomasijoittajat.fi\\\/en\\\/\"},{\"@type\":\"ListItem\",\"position\":2,\"name\":\"Front page\"}]},{\"@type\":\"WebSite\",\"@id\":\"https:\\\/\\\/paaomasijoittajat.fi\\\/en\\\/#website\",\"url\":\"https:\\\/\\\/paaomasijoittajat.fi\\\/en\\\/\",\"name\":\"P\u00e4\u00e4omasijoittajat\",\"description\":\"Finnish Venture Capital Association\",\"potentialAction\":[{\"@type\":\"SearchAction\",\"target\":{\"@type\":\"EntryPoint\",\"urlTemplate\":\"https:\\\/\\\/paaomasijoittajat.fi\\\/en\\\/?s={search_term_string}\"},\"query-input\":{\"@type\":\"PropertyValueSpecification\",\"valueRequired\":true,\"valueName\":\"search_term_string\"}}],\"inLanguage\":\"en-US\"}]}<\/script>\n<!-- \/ Yoast SEO plugin. -->","yoast_head_json":{"title":"Front page - P\u00e4\u00e4omasijoittajat","robots":{"index":"index","follow":"follow","max-snippet":"max-snippet:-1","max-image-preview":"max-image-preview:large","max-video-preview":"max-video-preview:-1"},"canonical":"https:\/\/paaomasijoittajat.fi\/en\/","og_locale":"en_US","og_type":"article","og_title":"Front page - P\u00e4\u00e4omasijoittajat","og_url":"https:\/\/paaomasijoittajat.fi\/en\/","og_site_name":"P\u00e4\u00e4omasijoittajat","article_modified_time":"2026-04-09T13:04:38+00:00","og_image":[{"width":1275,"height":717,"url":"https:\/\/paaomasijoittajat.fi\/app\/uploads\/2023\/10\/Logo_palkinto-e1697638831669.png","type":"image\/png"}],"twitter_card":"summary_large_image","twitter_misc":{"Est. reading time":"1 minute"},"schema":{"@context":"https:\/\/schema.org","@graph":[{"@type":"WebPage","@id":"https:\/\/paaomasijoittajat.fi\/en\/","url":"https:\/\/paaomasijoittajat.fi\/en\/","name":"Front page - P\u00e4\u00e4omasijoittajat","isPartOf":{"@id":"https:\/\/paaomasijoittajat.fi\/en\/#website"},"primaryImageOfPage":{"@id":"https:\/\/paaomasijoittajat.fi\/en\/#primaryimage"},"image":{"@id":"https:\/\/paaomasijoittajat.fi\/en\/#primaryimage"},"thumbnailUrl":"https:\/\/paaomasijoittajat.fi\/app\/uploads\/2023\/10\/Logo_palkinto-e1697638831669.png","datePublished":"2023-06-26T02:51:17+00:00","dateModified":"2026-04-09T13:04:38+00:00","breadcrumb":{"@id":"https:\/\/paaomasijoittajat.fi\/en\/#breadcrumb"},"inLanguage":"en-US","potentialAction":[{"@type":"ReadAction","target":["https:\/\/paaomasijoittajat.fi\/en\/"]}]},{"@type":"ImageObject","inLanguage":"en-US","@id":"https:\/\/paaomasijoittajat.fi\/en\/#primaryimage","url":"https:\/\/paaomasijoittajat.fi\/app\/uploads\/2023\/10\/Logo_palkinto-e1697638831669.png","contentUrl":"https:\/\/paaomasijoittajat.fi\/app\/uploads\/2023\/10\/Logo_palkinto-e1697638831669.png","width":1275,"height":717},{"@type":"BreadcrumbList","@id":"https:\/\/paaomasijoittajat.fi\/en\/#breadcrumb","itemListElement":[{"@type":"ListItem","position":1,"name":"Etusivu","item":"https:\/\/paaomasijoittajat.fi\/en\/"},{"@type":"ListItem","position":2,"name":"Front page"}]},{"@type":"WebSite","@id":"https:\/\/paaomasijoittajat.fi\/en\/#website","url":"https:\/\/paaomasijoittajat.fi\/en\/","name":"P\u00e4\u00e4omasijoittajat","description":"Finnish Venture Capital Association","potentialAction":[{"@type":"SearchAction","target":{"@type":"EntryPoint","urlTemplate":"https:\/\/paaomasijoittajat.fi\/en\/?s={search_term_string}"},"query-input":{"@type":"PropertyValueSpecification","valueRequired":true,"valueName":"search_term_string"}}],"inLanguage":"en-US"}]}},"_links":{"self":[{"href":"https:\/\/paaomasijoittajat.fi\/en\/wp-json\/wp\/v2\/pages\/505","targetHints":{"allow":["GET"]}}],"collection":[{"href":"https:\/\/paaomasijoittajat.fi\/en\/wp-json\/wp\/v2\/pages"}],"about":[{"href":"https:\/\/paaomasijoittajat.fi\/en\/wp-json\/wp\/v2\/types\/page"}],"author":[{"embeddable":true,"href":"https:\/\/paaomasijoittajat.fi\/en\/wp-json\/wp\/v2\/users\/1"}],"replies":[{"embeddable":true,"href":"https:\/\/paaomasijoittajat.fi\/en\/wp-json\/wp\/v2\/comments?post=505"}],"version-history":[{"count":44,"href":"https:\/\/paaomasijoittajat.fi\/en\/wp-json\/wp\/v2\/pages\/505\/revisions"}],"predecessor-version":[{"id":31825,"href":"https:\/\/paaomasijoittajat.fi\/en\/wp-json\/wp\/v2\/pages\/505\/revisions\/31825"}],"wp:featuredmedia":[{"embeddable":true,"href":"https:\/\/paaomasijoittajat.fi\/en\/wp-json\/wp\/v2\/media\/23140"}],"wp:attachment":[{"href":"https:\/\/paaomasijoittajat.fi\/en\/wp-json\/wp\/v2\/media?parent=505"}],"curies":[{"name":"wp","href":"https:\/\/api.w.org\/{rel}","templated":true}]}}